{"id":5008,"date":"2023-03-28T09:49:22","date_gmt":"2023-03-28T08:49:22","guid":{"rendered":"https:\/\/larissadenenting.com\/?page_id=5008"},"modified":"2023-09-04T16:27:27","modified_gmt":"2023-09-04T15:27:27","slug":"emdr-therapy-costs","status":"publish","type":"page","link":"https:\/\/larissadenenting.com\/nl\/emdr-therapy-costs\/","title":{"rendered":"EMDR therapie kosten"},"content":{"rendered":"<p>Voordat de behandleing start, vindt er altijd eerst een intake plaats. De intake is geheel gratis en bedoeld om elkaar te leren kennen. Een eerste indruk van elkaar krijgen, zeg maar. Op dat moment bepalen we dan ook of EMDR geschikt is voor je en wat de follow-up wordt.<\/p>\n\n\n\n<p>Om zo effici\u00ebnt mogelijk te werken, stuur ik je een paar intake formulieren toe, om voorafgaand aan de eerste sessie in te vullen. Dit geeft mij de gelegenheid om de door jouw verstrekte informatie te evalueren. Hierna plannen we van een 30 minuten intake gesprek. Tijdens dit gesprek bespreken we .het probleem, de klacht of vraag die je hebt, en verduidelijken we samen op welke manier de individuele behandelingsmethoden (of een combinatie daarvan) kan bijdragen aan het realiseren van een verandering. Vervolgens stel ik een behandelplan op tijdens dit gesprek.<\/p>\n\n\n\n<ul class=\"wp-block-list\">\n<li>intake gratis<\/li>\n\n\n\n<li>EMDR sessie \u20ac80,- ( incl BTW) per 60 min.<\/li>\n<\/ul>\n\n\n\n<h2 class=\"wp-block-heading\"><strong>Hoe lang duurt 1 EMDR sessie?<\/strong><\/h2>\n\n\n\n<p>EMDR sessies duren meestal tussen 1 uur en 1,5 uur. Voorafgaand aan de sessie, heeft de intake al plaatsgevonden, zodat ik alle relevante informatie heb en zodoende tijd kan besparen, waardoor je sessie direct kan starten. Tijdens de sessie, begeleid ik je door het proces van EMDR. De lengte van de sessie is afhankelijk van je individuele noodzaak en de complexiteit van het probleem waaraan we werken. Vergeet niet, clienten merken veelal een grote vooruitgang en verbetering na slechts \u00e9\u00e9n EMDR-sessie.<\/p>\n\n\n\n<h2 class=\"wp-block-heading\"><strong>EMDR therapie locatie<\/strong><\/h2>\n\n\n\n<p>Hulp zoeken bij trauma of angsten is een grote stap, en ik wil dit proces zo toegankelijk en eenvoudig mogelijk maken voor je Dat is waarom ik dan ook meerdere mogelijkheden biedt met betrekking tot EMDR therapie. <\/p>\n\n\n\n<p><strong>Online EMDR Therapie:<\/strong><br>Om het zo toegankelijk en eenvoudig mogelijk te maken, bied ik ook <em><strong>Online EMDR therapie<\/strong><\/em>. Dit stelt je in staat om de transformerende kracht van EMDR te ervaren vanuit het comfort en de privacy van je eigen ruimte, waar ter wereld jij je bevindt.<\/p>\n\n\n\n<p><strong>EMDR Therapie Amersfoort:<\/strong><br>In Amersfoort, bied ik <em><strong>persoonlijke EMDR therapie<\/strong><\/em> sessies aan in een comfortabele en priv\u00e9omgeving. Om flexibiliteit en gemak voor mijn cli\u00ebnten te garanderen, huur ik een serene locatie speciaal voor jouw sessie. Dit stelt mij in staat om een rustige en veilige omgeving te cre\u00ebren waarin jij je volledig kunt concentreren op je transformatie. Jouw comfort en gemoedsrust staan voorop.<br><br>Zoals eerder al vermeld, Ik ben toegewijd aan het zo toegankelijk mogelijk maken van genezing. Daarom bied ik de optie van <em><strong>In-Home EMDR therapy<\/strong><\/em>, waarbij ik naar jou toe kom. Terwijl jij EMDR-therapie ontvangt in de vertrouwde omgeving van je eigen huis, is het mijn doel om jou te voorzien van de ondersteuning die je nodig hebt. Met een minimale reiskostenvergoeding van slechts 30 cent per kilometer (exclusief eventuele parkeerkosten), ben ik vastbesloten ervoor te zorgen dat afstand of mobiliteitsproblemen jouw weg naar transformatie niet belemmeren.<br><br>Tijdens de intake bespreken we waar en hoe je sessies zullen plaatsvinden, zodat het past bij jouw specifieke behoeften. Want jij verdient het om los te breken van trauma en eindelijk die innerlijke rust te vinden! <br><\/p>\n\n\n\n<h2 class=\"wp-block-heading\"><strong>Na de eerste sessie<\/strong><\/h2>\n\n\n\n<p>Afhankelijk van de complexiteit van het probleem dat we behandelen, kan het zijn dat meerdere sessies nodig zijn. Dit zal allemaal besproken worden in je eigen behandelplan, nog voordat we aan de slag met de eerste sessie.<br><br>Een ding dat alle behandelingen gemeen hebben, is dat een follow-up altijd een vast onderdeel is. Tijdens deze follow-up, krijgen we duidelijk zicht op welke verbeteringen zijn opgetreden, waar er nog steeds obstakels zijn en hoe je doel beter bereikt kan worden. Deze gesprekken vormen de basis voor mijn keuze van de meest geschikte behandeling technieken.<br><\/p>\n\n\n\n<h2 class=\"wp-block-heading\"><strong>Vergeet niet...<\/strong><\/h2>\n\n\n\n<p>Het is belangrijk op te beseffen dat het aantal benodigde EMDR sessies kan vari\u00ebren, afhankelijk van de aard van je klachten. Sommige clienten kunnen zien significante verbetering na slechts \u00e9\u00e9n sessie, terwijl anderen meerdere sessies nodig hebben om te werken aan het oplossen van trauma' s of negatieve overtuigingen. Samen met jou bepalen we het juiste aantal sessies op basis van je individuele behoeften en doelstellingen.<\/p>","protected":false},"excerpt":{"rendered":"<p>Before starting a treatment program, an intake always takes place. The intake is completely free of charge and intended to get a first impression of each other. At that time, we determine whether EMDR is suitable for you and what the follow-up can be. To make it as efficient as possible, I will send you&hellip; <a href=\"https:\/\/larissadenenting.com\/nl\/emdr-therapy-costs\/\" class=\"more-link\">Lees verder <span class=\"screen-reader-text\">EMDR therapie kosten<\/span><\/a><\/p>","protected":false},"author":1,"featured_media":0,"parent":0,"menu_order":0,"comment_status":"closed","ping_status":"closed","template":"","meta":{"_exactmetrics_skip_tracking":false,"_exactmetrics_sitenote_active":false,"_exactmetrics_sitenote_note":"","_exactmetrics_sitenote_category":0,"advanced_seo_description":"","jetpack_seo_html_title":"","jetpack_seo_noindex":false,"footnotes":""},"tags":[],"class_list":["post-5008","page","type-page","status-publish","hentry","without-featured-image"],"jetpack_sharing_enabled":true,"jetpack_shortlink":"https:\/\/wp.me\/P95Ua1-1iM","jetpack_likes_enabled":true,"_links":{"self":[{"href":"https:\/\/larissadenenting.com\/nl\/wp-json\/wp\/v2\/pages\/5008","targetHints":{"allow":["GET"]}}],"collection":[{"href":"https:\/\/larissadenenting.com\/nl\/wp-json\/wp\/v2\/pages"}],"about":[{"href":"https:\/\/larissadenenting.com\/nl\/wp-json\/wp\/v2\/types\/page"}],"author":[{"embeddable":true,"href":"https:\/\/larissadenenting.com\/nl\/wp-json\/wp\/v2\/users\/1"}],"replies":[{"embeddable":true,"href":"https:\/\/larissadenenting.com\/nl\/wp-json\/wp\/v2\/comments?post=5008"}],"version-history":[{"count":17,"href":"https:\/\/larissadenenting.com\/nl\/wp-json\/wp\/v2\/pages\/5008\/revisions"}],"predecessor-version":[{"id":5592,"href":"https:\/\/larissadenenting.com\/nl\/wp-json\/wp\/v2\/pages\/5008\/revisions\/5592"}],"wp:attachment":[{"href":"https:\/\/larissadenenting.com\/nl\/wp-json\/wp\/v2\/media?parent=5008"}],"wp:term":[{"taxonomy":"post_tag","embeddable":true,"href":"https:\/\/larissadenenting.com\/nl\/wp-json\/wp\/v2\/tags?post=5008"}],"curies":[{"name":"wp","href":"https:\/\/api.w.org\/{rel}","templated":true}]}}